{"id":871,"date":"2019-11-08T10:58:55","date_gmt":"2019-11-08T10:58:55","guid":{"rendered":"https:\/\/conseil-accueil-camping-car.fr\/?page_id=871"},"modified":"2023-11-20T14:51:20","modified_gmt":"2023-11-20T14:51:20","slug":"notre-offre","status":"publish","type":"page","link":"https:\/\/conseil-accueil-camping-car.fr\/index.php\/notre-offre\/","title":{"rendered":"Notre offre : une solution modulable et sur-mesure"},"content":{"rendered":"<p>[vc_row][vc_column][vc_empty_space][\/vc_column][\/vc_row][vc_row][vc_column width=\u00a0\u00bb1\/3&Prime;][vc_empty_space][vc_single_image image=\u00a0\u00bb1099&Prime; img_size=\u00a0\u00bb370&#215;251&Prime; alignment=\u00a0\u00bbcenter\u00a0\u00bb style=\u00a0\u00bbvc_box_rounded\u00a0\u00bb css_animation=\u00a0\u00bbnone\u00a0\u00bb][\/vc_column][vc_column width=\u00a0\u00bb2\/3&Prime;][vc_column_text]<\/p>\n<h2 style=\"padding-left: 40px;\"><span style=\"color: #008080;\">Vous vous posez de nombreuses questions :<\/span><\/h2>\n<p>&nbsp;<\/p>\n<p style=\"padding-left: 40px;\">} Les camping-cars ont-ils besoin d&#8217;emplacements sp\u00e9cifiques sur les parkings publics ?<\/p>\n<p style=\"padding-left: 40px;\">} Votre commune poss\u00e8de d\u00e9j\u00e0 un ou plusieurs campings, est-ce pertinent de l&rsquo;\u00e9quiper d&rsquo;une aire ?<\/p>\n<p style=\"padding-left: 40px;\">} Quelles diff\u00e9rences entre stationner et faire du camping ?<\/p>\n<p style=\"padding-left: 40px;\">} Peut-on limiter le stationnement des camping-cars \u00e0 certains emplacements ?<\/p>\n<p style=\"padding-left: 40px;\">} Un camping-cariste doit-il payer la taxe de s\u00e9jour ?<\/p>\n<p style=\"padding-left: 40px;\">} Peut-on interdire aux camping-caristes de stationner dans toute la commune si vous disposez d&rsquo;une aire&#8230;<\/p>\n<p>[\/vc_column_text][\/vc_column][\/vc_row][vc_row][vc_column][vc_separator][vc_custom_heading text=\u00a0\u00bbLe Conseil Accueil Camping-Car (CACC) vous propose 5 types d&rsquo;accompagnement, ind\u00e9pendants les uns des autres\u00a0\u00bb font_container=\u00a0\u00bbtag:h2|text_align:center|color:%230b787d\u00a0\u00bb use_theme_fonts=\u00a0\u00bbyes\u00a0\u00bb][vc_empty_space][\/vc_column][\/vc_row][vc_row css=\u00a0\u00bb.vc_custom_1573249735571{background-color: #dedede !important;}\u00a0\u00bb][vc_column width=\u00a0\u00bb1\/2&Prime;][vc_single_image image=\u00a0\u00bb912&Prime; img_size=\u00a0\u00bb403&#215;300&Prime; alignment=\u00a0\u00bbcenter\u00a0\u00bb style=\u00a0\u00bbvc_box_rounded\u00a0\u00bb onclick=\u00a0\u00bbcustom_link\u00a0\u00bb link=\u00a0\u00bbhttps:\/\/conseil-accueil-camping-car.fr\/index.php\/notre-offre\/problematique-accueil-camping-caristes\/\u00a0\u00bb][vc_custom_heading text=\u00a0\u00bbProbl\u00e9matique d&rsquo;accueil des camping-caristes\u00a0\u00bb font_container=\u00a0\u00bbtag:h2|text_align:center|color:%230b787d\u00a0\u00bb use_theme_fonts=\u00a0\u00bbyes\u00a0\u00bb link=\u00a0\u00bburl:https%3A%2F%2Fconseil-accueil-camping-car.fr%2Findex.php%2Fnotre-offre%2Fproblematique-accueil-camping-caristes%2F|title:Enqu%C3%AAte%20et%20diagnostic%20de%20fr%C3%A9quentation||\u00a0\u00bb][vc_column_text]<\/p>\n<p style=\"text-align: center;\">A l&rsquo;aide d&rsquo;un webinaire pour vous aider \u00e0 mieux appr\u00e9hender les besoins&#8230;<\/p>\n<p>[\/vc_column_text][\/vc_column][vc_column width=\u00a0\u00bb1\/2&Prime;][vc_single_image image=\u00a0\u00bb942&Prime; img_size=\u00a0\u00bb403&#215;300&Prime; alignment=\u00a0\u00bbcenter\u00a0\u00bb style=\u00a0\u00bbvc_box_rounded\u00a0\u00bb onclick=\u00a0\u00bbcustom_link\u00a0\u00bb link=\u00a0\u00bbhttps:\/\/conseil-accueil-camping-car.fr\/index.php\/notre-offre\/connaissance-des-besoins-et-attentes-des-camping-caristes\/\u00a0\u00bb][vc_custom_heading text=\u00a0\u00bbConnaissance des besoins et attentes des camping-caristes\u00a0\u00bb font_container=\u00a0\u00bbtag:h2|text_align:center|color:%230b787d\u00a0\u00bb use_theme_fonts=\u00a0\u00bbyes\u00a0\u00bb link=\u00a0\u00bburl:https%3A%2F%2Fconseil-accueil-camping-car.fr%2Findex.php%2Fnotre-offre%2Fconnaissance-des-besoins-et-attentes-des-camping-caristes%2F|title:Connaissance%20des%20besoins%20et%20attentes%20des%20camping-caristes||\u00a0\u00bb][vc_column_text]<\/p>\n<p style=\"text-align: center;\">R\u00e9alisation d&rsquo;une enqu\u00eate sur le terrain.<br \/>\nFait ressortir les points forts et faibles de votre territoire (circulation,<br \/>\naccueil de jour et de nuit, retomb\u00e9es \u00e9conomiques)<\/p>\n<p>[\/vc_column_text][\/vc_column][\/vc_row][vc_row][vc_column][vc_separator][\/vc_column][\/vc_row][vc_row css=\u00a0\u00bb.vc_custom_1573249761231{background-color: #dedede !important;}\u00a0\u00bb][vc_column width=\u00a0\u00bb1\/2&Prime;][vc_single_image image=\u00a0\u00bb1472&Prime; img_size=\u00a0\u00bb403&#215;300&Prime; alignment=\u00a0\u00bbcenter\u00a0\u00bb style=\u00a0\u00bbvc_box_rounded\u00a0\u00bb onclick=\u00a0\u00bbcustom_link\u00a0\u00bb link=\u00a0\u00bbhttps:\/\/conseil-accueil-camping-car.fr\/index.php\/notre-offre\/assurer-la-conception-de-vos-aires\/\u00a0\u00bb][vc_custom_heading text=\u00a0\u00bbPoints forts et am\u00e9liorations \u00e0 apporter\u00a0\u00bb font_container=\u00a0\u00bbtag:h2|text_align:center|color:%230b787d\u00a0\u00bb use_theme_fonts=\u00a0\u00bbyes\u00a0\u00bb link=\u00a0\u00bburl:https%3A%2F%2Fconseil-accueil-camping-car.fr%2Findex.php%2Fnotre-offre%2Fpoints-forts-et-ameliorations-a-apporter%2F|title:Points%20forts%20et%20am%C3%A9liorations%20%C3%A0%20apporter||\u00a0\u00bb][vc_column_text]<\/p>\n<p style=\"text-align: center;\">Avec un diagnostic technique et op\u00e9rationnel des camping-caristes<\/p>\n<p>[\/vc_column_text][\/vc_column][vc_column width=\u00a0\u00bb1\/2&Prime;][vc_single_image image=\u00a0\u00bb944&Prime; img_size=\u00a0\u00bb403&#215;300&Prime; alignment=\u00a0\u00bbcenter\u00a0\u00bb style=\u00a0\u00bbvc_box_rounded\u00a0\u00bb onclick=\u00a0\u00bbcustom_link\u00a0\u00bb link=\u00a0\u00bbhttps:\/\/conseil-accueil-camping-car.fr\/index.php\/notre-offre\/optmiser-les-structures-existantes\/\u00a0\u00bb][vc_custom_heading text=\u00a0\u00bbOptimiser les structures existantes\u00a0\u00bb font_container=\u00a0\u00bbtag:h2|text_align:center|color:%230b787d\u00a0\u00bb use_theme_fonts=\u00a0\u00bbyes\u00a0\u00bb link=\u00a0\u00bburl:https%3A%2F%2Fconseil-accueil-camping-car.fr%2Findex.php%2Fnotre-offre%2Foptmiser-les-structures-existantes%2F|title:Optimiser%20les%20structures%20existantes||\u00a0\u00bb][vc_column_text]<\/p>\n<p style=\"text-align: center;\">Selon vos objectifs<br \/>\nAvec un sch\u00e9ma directeur de l&rsquo;accueil des camping-car sur votre territoire.<\/p>\n<p>[\/vc_column_text][\/vc_column][\/vc_row][vc_row][vc_column][vc_separator][\/vc_column][\/vc_row][vc_row css=\u00a0\u00bb.vc_custom_1573249761231{background-color: #dedede !important;}\u00a0\u00bb][vc_column width=\u00a0\u00bb1\/2&Prime;][vc_single_image image=\u00a0\u00bb926&Prime; img_size=\u00a0\u00bb403&#215;300&Prime; alignment=\u00a0\u00bbcenter\u00a0\u00bb style=\u00a0\u00bbvc_box_rounded\u00a0\u00bb onclick=\u00a0\u00bbcustom_link\u00a0\u00bb link=\u00a0\u00bbhttps:\/\/conseil-accueil-camping-car.fr\/index.php\/notre-offre\/points-forts-et-ameliorations-a-apporter\/\u00a0\u00bb][vc_custom_heading text=\u00a0\u00bbAssurer les conception de vos aires\u00a0\u00bb font_container=\u00a0\u00bbtag:h2|text_align:center|color:%230b787d\u00a0\u00bb use_theme_fonts=\u00a0\u00bbyes\u00a0\u00bb link=\u00a0\u00bburl:https%3A%2F%2Fconseil-accueil-camping-car.fr%2Findex.php%2Fnotre-offre%2Fassurer-la-conception-de-vos-aires%2F|title:Assurer%20la%20conception%20de%20vos%20aires||\u00a0\u00bb][vc_column_text]<\/p>\n<p style=\"text-align: center;\">Avec un cahier des charges pour la conception d\u2019une aire de stationnement\u00a0\u00a0et de services des camping-cars<\/p>\n<p>[\/vc_column_text][\/vc_column][vc_column width=\u00a0\u00bb1\/2&Prime;][vc_single_image image=\u00a0\u00bb1209&Prime; img_size=\u00a0\u00bb403&#215;300&Prime; alignment=\u00a0\u00bbcenter\u00a0\u00bb style=\u00a0\u00bbvc_box_rounded\u00a0\u00bb onclick=\u00a0\u00bbcustom_link\u00a0\u00bb link=\u00a0\u00bbhttps:\/\/conseil-accueil-camping-car.fr\/index.php\/notre-offre\/assistance-a-maitrise-douvrage\/\u00a0\u00bb][vc_custom_heading text=\u00a0\u00bb\u00a0\u00bb font_container=\u00a0\u00bbtag:h2|text_align:center|color:%230b787d\u00a0\u00bb use_theme_fonts=\u00a0\u00bbyes\u00a0\u00bb link=\u00a0\u00bburl:https%3A%2F%2Fconseil-accueil-camping-car.fr%2Findex.php%2Fnotre-offre%2Fassistance-a-maitrise-douvrage%2F|title:Assistance%20%C3%A0%20ma%C3%AEtrise%20d%E2%80%99ouvrage||\u00a0\u00bb][vc_column_text][\/vc_column_text][\/vc_column][\/vc_row][vc_row][vc_column][vc_separator][\/vc_column][\/vc_row][vc_row css=\u00a0\u00bb.vc_custom_1573654359878{background-color: #ededed !important;}\u00a0\u00bb][vc_column][vc_column_text]<\/p>\n<p style=\"text-align: center;\">Un projet d\u2019accueil des camping-caristes se construit \u00e9tapes par \u00e9tapes. Vous n\u2019avez ni le temps, ni les ressources, ni les savoirs pour le<br \/>\nmener \u00e0 bien. La FFCC l\u2019a compris. Ce service totalement ind\u00e9pendant est fait pour vous. Elle vous accompagne sur tout ou partie de votre<br \/>\nprojet afin de vous garantir sa viabilit\u00e9 et sa p\u00e9rennit\u00e9. <br data-rich-text-line-break=\"true\" \/><strong>Important\u00a0:<\/strong> Nous ne prenons aucune commission sur vos revenus futurs, nous n\u2019imposons aucune solution.<\/p>\n<p>[\/vc_column_text][\/vc_column][\/vc_row][vc_row][vc_column][vc_separator][\/vc_column][\/vc_row][vc_row][vc_column][vc_custom_heading text=\u00a0\u00bbChiffres Cl\u00e9s\u00a0\u00bb font_container=\u00a0\u00bbtag:h1|text_align:center|color:%230b787d\u00a0\u00bb use_theme_fonts=\u00a0\u00bbyes\u00a0\u00bb][vc_empty_space][\/vc_column][\/vc_row][vc_row][vc_column width=\u00a0\u00bb2\/3&Prime;][vc_empty_space][vc_column_text]<\/p>\n<h3 style=\"text-align: right;\"><span style=\"color: #008080;\"><strong>8% du PIB<\/strong><\/span><\/h3>\n<p style=\"text-align: right;\">Le tourisme est une activit\u00e9 de premier plan pour l&#8217;emploi et l&rsquo;\u00e9conomie.<\/p>\n<p>[\/vc_column_text][\/vc_column][vc_column width=\u00a0\u00bb1\/3&Prime;][vc_single_image image=\u00a0\u00bb859&Prime; alignment=\u00a0\u00bbcenter\u00a0\u00bb css_animation=\u00a0\u00bbzoomIn\u00a0\u00bb][\/vc_column][\/vc_row][vc_row css=\u00a0\u00bb.vc_custom_1573211987286{background-color: #ededed !important;}\u00a0\u00bb][vc_column width=\u00a0\u00bb1\/3&Prime;][vc_single_image image=\u00a0\u00bb1264&Prime; alignment=\u00a0\u00bbcenter\u00a0\u00bb css_animation=\u00a0\u00bbzoomIn\u00a0\u00bb][\/vc_column][vc_column width=\u00a0\u00bb2\/3&Prime;][vc_separator][vc_column_text]<\/p>\n<h3><strong><span style=\"color: #008080;\">+ de 2 millions de camping-cars circulent en Europe.<\/span><\/strong><\/h3>\n<p><strong>Pr\u00e8s de 505 000 unit\u00e9s circulent en France.<\/strong><\/p>\n<p>Les camping-caristes sont une client\u00e8le \u00e0 part enti\u00e8re devenue incontournable. Elle poss\u00e8de ses besoins et attentes sp\u00e9cifiques. Son accueil ne s&rsquo;improvise pas. La r\u00e9putation des sites touristiques, la facilit\u00e9 d&rsquo;acc\u00e8s et le retour d&rsquo;exp\u00e9rience de l&rsquo;entourage sont au c\u0153ur des motivations de choix de la destination.[\/vc_column_text][\/vc_column][\/vc_row][vc_row][vc_column][vc_column_text]<\/p>\n<h3 style=\"text-align: center;\"><span style=\"color: #008080;\">Caract\u00e9ristiques des activit\u00e9s et loisirs des camping-caristes<\/span><\/h3>\n<p>[\/vc_column_text][vc_progress_bar values=\u00a0\u00bb%5B%7B%22label%22%3A%22Visite%20de%20villes%20et%20villages%2083%25%22%2C%22value%22%3A%2283%22%2C%22color%22%3A%22bar_blue%22%7D%2C%7B%22label%22%3A%22Achat%20et%20d%C3%A9gustation%20produit%20du%20terroir%2061%25%22%2C%22value%22%3A%2261%22%2C%22color%22%3A%22bar_orange%22%7D%2C%7B%22label%22%3A%22D%C3%A9penses%20%3D%20entre%2030%20et%2060%E2%82%AC%20par%20jour%20hors%20carburant%20et%20p%C3%A9ages%2043%25%22%2C%22value%22%3A%2243%22%2C%22color%22%3A%22sandy-brown%22%7D%2C%7B%22label%22%3A%22Restaurant%201%20%C3%A0%203%20fois%20%2F%20semaine%20(pour%20les%20camping-caristes%20%C3%A9trangers)%2046%25%20dont%207%25%20tous%20les%20jours%22%2C%22value%22%3A%2246%22%2C%22color%22%3A%22peacoc%22%7D%2C%7B%22label%22%3A%22Nuits%20sur%20une%20aire%20de%20stationnement%2049%25%20(56%25%20des%20fran%C3%A7ais%20et%2034%25%20%C3%A9trangers)%22%2C%22value%22%3A%2249%22%2C%22color%22%3A%22bar_green%22%7D%5D\u00a0\u00bb options=\u00a0\u00bbanimated\u00a0\u00bb][vc_empty_space][\/vc_column][\/vc_row][vc_row][vc_column width=\u00a0\u00bb2\/3&Prime;][vc_column_text]<\/p>\n<h3><\/h3>\n<p>&nbsp;<\/p>\n<h3 style=\"text-align: right;\"><strong><span style=\"color: #008080;\">En 2019, progressions de 4,4 % des immatriculations <\/span><\/strong><\/h3>\n<h3 style=\"text-align: right;\"><strong><span style=\"color: #008080;\">de camping-cars neufs dont 15% de vans.<\/span><\/strong><\/h3>\n<p>[\/vc_column_text][\/vc_column][vc_column width=\u00a0\u00bb1\/3&Prime;][vc_single_image image=\u00a0\u00bb890&Prime; alignment=\u00a0\u00bbcenter\u00a0\u00bb css_animation=\u00a0\u00bbzoomIn\u00a0\u00bb][\/vc_column][\/vc_row][vc_row][vc_column][\/vc_column][\/vc_row]<\/p>\n","protected":false},"excerpt":{"rendered":"<p>[vc_row][vc_column][vc_empty_space][\/vc_column][\/vc_row][vc_row][vc_column width=\u00a0\u00bb1\/3&Prime;][vc_empty_space][vc_single_image image=\u00a0\u00bb1099&Prime; img_size=\u00a0\u00bb370&#215;251&Prime; alignment=\u00a0\u00bbcenter\u00a0\u00bb style=\u00a0\u00bbvc_box_rounded\u00a0\u00bb css_animation=\u00a0\u00bbnone\u00a0\u00bb][\/vc_column][vc_column width=\u00a0\u00bb2\/3&Prime;][vc_column_text] Vous vous posez de nombreuses questions : &nbsp; } Les camping-cars ont-ils besoin d&#8217;emplacements sp\u00e9cifiques sur les parkings publics ? } Votre [&hellip;]<\/p>\n","protected":false},"author":1,"featured_media":0,"parent":0,"menu_order":0,"comment_status":"closed","ping_status":"closed","template":"","meta":{"advgb_blocks_editor_width":"","advgb_blocks_columns_visual_guide":""},"coauthors":[],"author_meta":{"author_link":"https:\/\/conseil-accueil-camping-car.fr\/index.php\/author\/carine\/","display_name":"admin"},"relative_dates":{"created":"Publi\u00e9 6 ans il y a","modified":"Mis \u00e0 jour 2 ans il y a"},"absolute_dates":{"created":"Publi\u00e9 le novembre 8, 2019","modified":"Mise \u00e0 jour le novembre 20, 2023"},"absolute_dates_time":{"created":"Publi\u00e9 le novembre 8, 2019 10:58  ","modified":"Mise \u00e0 jour le novembre 20, 2023 2:51  "},"featured_img_caption":"","featured_img":false,"featured_image_src":null,"featured_image_src_square":null,"uagb_featured_image_src":{"full":false,"thumbnail":false,"medium":false,"medium_large":false,"large":false,"1536x1536":false,"2048x2048":false,"ab-block-post-grid-landscape":false,"ab-block-post-grid-square":false,"qb-block-post-grid-landscape":false,"qb-block-post-grid-square":false,"legaleagle-post-standard":false,"legaleagle-post-grid":false,"legaleagle-post-list":false,"legaleagle-post-widget":false,"legaleagle-team-single":false,"legaleagle-team":false,"legaleagle-team2":false,"legaleagle-service":false},"uagb_author_info":{"display_name":"admin","author_link":"https:\/\/conseil-accueil-camping-car.fr\/index.php\/author\/carine\/"},"uagb_comment_info":0,"uagb_excerpt":"[vc_row][vc_column][vc_empty_space][\/vc_column][\/vc_row][vc_row][vc_column width=\u00a0\u00bb1\/3&Prime;][vc_empty_space][vc_single_image image=\u00a0\u00bb1099&Prime; img_size=\u00a0\u00bb370&#215;251&Prime; alignment=\u00a0\u00bbcenter\u00a0\u00bb style=\u00a0\u00bbvc_box_rounded\u00a0\u00bb css_animation=\u00a0\u00bbnone\u00a0\u00bb][\/vc_column][vc_column width=\u00a0\u00bb2\/3&Prime;][vc_column_text] Vous vous posez de nombreuses questions : &nbsp; } Les camping-cars ont-ils besoin d&#8217;emplacements sp\u00e9cifiques sur les parkings publics ? } Votre [&hellip;]","yoast_head":"<!-- This site is optimized with the Yoast SEO plugin v15.2.1 - https:\/\/yoast.com\/wordpress\/plugins\/seo\/ -->\n<title>Notre offre : une solution modulable et sur-mesure - CACC<\/title>\n<meta name=\"description\" content=\"Le conseil accueil camping-car (CACC) vous accompagne en quatre temps. Vous pouvez opter pour tout ou partie de notre offre.\" \/>\n<meta name=\"robots\" content=\"index, follow, max-snippet:-1, max-image-preview:large, max-video-preview:-1\" \/>\n<link rel=\"canonical\" href=\"https:\/\/conseil-accueil-camping-car.fr\/index.php\/notre-offre\/\" \/>\n<meta property=\"og:locale\" content=\"fr_FR\" \/>\n<meta property=\"og:type\" content=\"article\" \/>\n<meta property=\"og:title\" content=\"Notre offre : une solution modulable et sur-mesure - CACC\" \/>\n<meta property=\"og:description\" content=\"Le conseil accueil camping-car (CACC) vous accompagne en quatre temps. Vous pouvez opter pour tout ou partie de notre offre.\" \/>\n<meta property=\"og:url\" content=\"https:\/\/conseil-accueil-camping-car.fr\/index.php\/notre-offre\/\" \/>\n<meta property=\"og:site_name\" content=\"CACC\" \/>\n<meta property=\"article:modified_time\" content=\"2023-11-20T14:51:20+00:00\" \/>\n<meta name=\"twitter:card\" content=\"summary_large_image\" \/>\n<meta name=\"twitter:label1\" content=\"\u00c9crit par\">\n\t<meta name=\"twitter:data1\" content=\"admin\">\n\t<meta name=\"twitter:label2\" content=\"Dur\u00e9e de lecture est.\">\n\t<meta name=\"twitter:data2\" content=\"5 minutes\">\n<script type=\"application\/ld+json\" class=\"yoast-schema-graph\">{\"@context\":\"https:\/\/schema.org\",\"@graph\":[{\"@type\":\"WebSite\",\"@id\":\"https:\/\/conseil-accueil-camping-car.fr\/#website\",\"url\":\"https:\/\/conseil-accueil-camping-car.fr\/\",\"name\":\"CACC\",\"description\":\"Des experts \\u00e0 votre service\",\"potentialAction\":[{\"@type\":\"SearchAction\",\"target\":\"https:\/\/conseil-accueil-camping-car.fr\/?s={search_term_string}\",\"query-input\":\"required name=search_term_string\"}],\"inLanguage\":\"fr-FR\"},{\"@type\":\"WebPage\",\"@id\":\"https:\/\/conseil-accueil-camping-car.fr\/index.php\/notre-offre\/#webpage\",\"url\":\"https:\/\/conseil-accueil-camping-car.fr\/index.php\/notre-offre\/\",\"name\":\"Notre offre : une solution modulable et sur-mesure - CACC\",\"isPartOf\":{\"@id\":\"https:\/\/conseil-accueil-camping-car.fr\/#website\"},\"datePublished\":\"2019-11-08T10:58:55+00:00\",\"dateModified\":\"2023-11-20T14:51:20+00:00\",\"description\":\"Le conseil accueil camping-car (CACC) vous accompagne en quatre temps. Vous pouvez opter pour tout ou partie de notre offre.\",\"breadcrumb\":{\"@id\":\"https:\/\/conseil-accueil-camping-car.fr\/index.php\/notre-offre\/#breadcrumb\"},\"inLanguage\":\"fr-FR\",\"potentialAction\":[{\"@type\":\"ReadAction\",\"target\":[\"https:\/\/conseil-accueil-camping-car.fr\/index.php\/notre-offre\/\"]}]},{\"@type\":\"BreadcrumbList\",\"@id\":\"https:\/\/conseil-accueil-camping-car.fr\/index.php\/notre-offre\/#breadcrumb\",\"itemListElement\":[{\"@type\":\"ListItem\",\"position\":1,\"item\":{\"@type\":\"WebPage\",\"@id\":\"https:\/\/conseil-accueil-camping-car.fr\/\",\"url\":\"https:\/\/conseil-accueil-camping-car.fr\/\",\"name\":\"Accueil\"}},{\"@type\":\"ListItem\",\"position\":2,\"item\":{\"@type\":\"WebPage\",\"@id\":\"https:\/\/conseil-accueil-camping-car.fr\/index.php\/notre-offre\/\",\"url\":\"https:\/\/conseil-accueil-camping-car.fr\/index.php\/notre-offre\/\",\"name\":\"Notre offre : une solution modulable et sur-mesure\"}}]}]}<\/script>\n<!-- \/ Yoast SEO plugin. -->","_links":{"self":[{"href":"https:\/\/conseil-accueil-camping-car.fr\/index.php\/wp-json\/wp\/v2\/pages\/871"}],"collection":[{"href":"https:\/\/conseil-accueil-camping-car.fr\/index.php\/wp-json\/wp\/v2\/pages"}],"about":[{"href":"https:\/\/conseil-accueil-camping-car.fr\/index.php\/wp-json\/wp\/v2\/types\/page"}],"author":[{"embeddable":true,"href":"https:\/\/conseil-accueil-camping-car.fr\/index.php\/wp-json\/wp\/v2\/users\/1"}],"replies":[{"embeddable":true,"href":"https:\/\/conseil-accueil-camping-car.fr\/index.php\/wp-json\/wp\/v2\/comments?post=871"}],"version-history":[{"count":108,"href":"https:\/\/conseil-accueil-camping-car.fr\/index.php\/wp-json\/wp\/v2\/pages\/871\/revisions"}],"predecessor-version":[{"id":1474,"href":"https:\/\/conseil-accueil-camping-car.fr\/index.php\/wp-json\/wp\/v2\/pages\/871\/revisions\/1474"}],"wp:attachment":[{"href":"https:\/\/conseil-accueil-camping-car.fr\/index.php\/wp-json\/wp\/v2\/media?parent=871"}],"curies":[{"name":"wp","href":"https:\/\/api.w.org\/{rel}","templated":true}]}}