{"id":1212,"date":"2019-11-14T07:20:29","date_gmt":"2019-11-14T07:20:29","guid":{"rendered":"https:\/\/conseil-accueil-camping-car.fr\/?page_id=1212"},"modified":"2023-11-21T10:43:50","modified_gmt":"2023-11-21T10:43:50","slug":"medias","status":"publish","type":"page","link":"https:\/\/conseil-accueil-camping-car.fr\/index.php\/medias\/","title":{"rendered":"M\u00e9dias"},"content":{"rendered":"<p>[vc_row][vc_column][vc_column_text]<\/p>\r\n<p>Plaquette et Communiqu\u00e9 de presse disponibles en t\u00e9l\u00e9chargement.<\/p>\r\n\r\n<p>&nbsp;<\/p>\r\n\r\n<div class=\"wp-block-atomic-blocks-ab-columns ab-layout-service-3 ab-layout-columns-2 ab-2-col-equal ab-columns-center alignfull\" style=\"padding: 15% 5% 15% 5%;\">\r\n<div class=\"ab-layout-column-wrap ab-block-layout-column-gap-5 ab-is-responsive-column\" style=\"max-width: 1200px;\">\r\n<div class=\"wp-block-atomic-blocks-ab-column ab-block-layout-column\">\r\n<div class=\"ab-block-layout-column-inner\">\r\n<div class=\"wp-block-image\">\r\n<figure class=\"aligncenter size-large is-resized\"><img loading=\"lazy\" class=\"alignnone wp-image-1482\" src=\"https:\/\/conseil-accueil-camping-car.fr\/wp-content\/uploads\/2023\/11\/plaquette-cacc-2023_1-215x300.jpg\" alt=\"\" width=\"175\" height=\"244\" srcset=\"https:\/\/conseil-accueil-camping-car.fr\/wp-content\/uploads\/2023\/11\/plaquette-cacc-2023_1-215x300.jpg 215w, https:\/\/conseil-accueil-camping-car.fr\/wp-content\/uploads\/2023\/11\/plaquette-cacc-2023_1-735x1024.jpg 735w, https:\/\/conseil-accueil-camping-car.fr\/wp-content\/uploads\/2023\/11\/plaquette-cacc-2023_1-768x1070.jpg 768w, https:\/\/conseil-accueil-camping-car.fr\/wp-content\/uploads\/2023\/11\/plaquette-cacc-2023_1-1102x1536.jpg 1102w, https:\/\/conseil-accueil-camping-car.fr\/wp-content\/uploads\/2023\/11\/plaquette-cacc-2023_1-1470x2048.jpg 1470w, https:\/\/conseil-accueil-camping-car.fr\/wp-content\/uploads\/2023\/11\/plaquette-cacc-2023_1-scaled.jpg 1837w\" sizes=\"(max-width: 175px) 100vw, 175px\" \/><\/figure>\r\n<\/div>\r\n<\/div>\r\n<\/div>\r\n\r\n\r\n\r\n<div class=\"wp-block-atomic-blocks-ab-column ab-block-layout-column ab-is-vertically-aligned-center\">\r\n<div class=\"ab-block-layout-column-inner\">\r\n<h2>Plaquette CACC 2023<\/h2>\r\n\r\n\r\n\r\n\r\n\r\n<div><a class=\"ab-button ab-button-shape-rounded ab-button-size-small\" style=\"color: #ffffff; background-color: #0b787d;\" href=\"https:\/\/conseil-accueil-camping-car.fr\/wp-content\/uploads\/2023\/11\/Plaquette-CACC.pdf\" target=\"_blank\" rel=\"noopener noreferrer\">T\u00e9l\u00e9chargez plaquette<\/a><\/div>\r\n<\/div>\r\n<\/div>\r\n<\/div>\r\n<\/div>\r\n\r\n<p>&nbsp;<\/p>\r\n\r\n<div class=\"wp-block-atomic-blocks-ab-columns ab-layout-service-3 ab-layout-columns-2 ab-2-col-equal ab-columns-center alignfull\" style=\"padding: 15% 5% 15% 5%;\">\r\n<div class=\"ab-layout-column-wrap ab-block-layout-column-gap-5 ab-is-responsive-column\" style=\"max-width: 1200px;\">\r\n<div class=\"wp-block-atomic-blocks-ab-column ab-block-layout-column\">\r\n<div class=\"ab-block-layout-column-inner\" style=\"text-align: center;\">\r\n<div class=\"wp-block-image\">\r\n<figure class=\"aligncenter size-large is-resized\"><img loading=\"lazy\" class=\"wp-image-919\" src=\"https:\/\/conseil-accueil-camping-car.fr\/wp-content\/uploads\/2019\/11\/visuel-cp-649px.jpg\" alt=\"\" width=\"177\" height=\"241\" \/><\/figure>\r\n<\/div>\r\n<\/div>\r\n<\/div>\r\n\r\n\r\n\r\n<div class=\"wp-block-atomic-blocks-ab-column ab-block-layout-column ab-is-vertically-aligned-center\">\r\n<div class=\"ab-block-layout-column-inner\">\r\n<h2>Communiqu\u00e9 de Presse<\/h2>\r\n\r\n\r\n\r\n<div class=\"wp-block-atomic-blocks-ab-button ab-block-button\"><a class=\"ab-button ab-button-shape-rounded ab-button-size-small\" style=\"color: #ffffff; background-color: #0b787d;\" href=\"https:\/\/conseil-accueil-camping-car.fr\/wp-content\/uploads\/2019\/11\/CP_CACC_VA.pdf\" target=\"_blank\" rel=\"noopener noreferrer\">T\u00e9l\u00e9chargez communiqu\u00e9<\/a><\/div>\r\n<\/div>\r\n<\/div>\r\n<\/div>\r\n<\/div>\r\n\r\n<p>&nbsp;<\/p>\r\n<p>[\/vc_column_text][\/vc_column][\/vc_row]<\/p>","protected":false},"excerpt":{"rendered":"<p>[vc_row][vc_column][vc_column_text] Plaquette et Communiqu\u00e9 de presse disponibles en t\u00e9l\u00e9chargement. &nbsp; &nbsp; &nbsp; [\/vc_column_text][\/vc_column][\/vc_row]<\/p>\n","protected":false},"author":1,"featured_media":0,"parent":0,"menu_order":0,"comment_status":"closed","ping_status":"closed","template":"","meta":{"advgb_blocks_editor_width":"","advgb_blocks_columns_visual_guide":""},"coauthors":[],"author_meta":{"author_link":"https:\/\/conseil-accueil-camping-car.fr\/index.php\/author\/carine\/","display_name":"admin"},"relative_dates":{"created":"Publi\u00e9 6 ans il y a","modified":"Mis \u00e0 jour 2 ans il y a"},"absolute_dates":{"created":"Publi\u00e9 le novembre 14, 2019","modified":"Mise \u00e0 jour le novembre 21, 2023"},"absolute_dates_time":{"created":"Publi\u00e9 le novembre 14, 2019 7:20  ","modified":"Mise \u00e0 jour le novembre 21, 2023 10:43  "},"featured_img_caption":"","featured_img":false,"featured_image_src":null,"featured_image_src_square":null,"uagb_featured_image_src":{"full":false,"thumbnail":false,"medium":false,"medium_large":false,"large":false,"1536x1536":false,"2048x2048":false,"ab-block-post-grid-landscape":false,"ab-block-post-grid-square":false,"qb-block-post-grid-landscape":false,"qb-block-post-grid-square":false,"legaleagle-post-standard":false,"legaleagle-post-grid":false,"legaleagle-post-list":false,"legaleagle-post-widget":false,"legaleagle-team-single":false,"legaleagle-team":false,"legaleagle-team2":false,"legaleagle-service":false},"uagb_author_info":{"display_name":"admin","author_link":"https:\/\/conseil-accueil-camping-car.fr\/index.php\/author\/carine\/"},"uagb_comment_info":0,"uagb_excerpt":"[vc_row][vc_column][vc_column_text] Plaquette et Communiqu\u00e9 de presse disponibles en t\u00e9l\u00e9chargement. &nbsp; &nbsp; &nbsp; [\/vc_column_text][\/vc_column][\/vc_row]","yoast_head":"<!-- This site is optimized with the Yoast SEO plugin v15.2.1 - https:\/\/yoast.com\/wordpress\/plugins\/seo\/ -->\n<title>M\u00e9dias - CACC<\/title>\n<meta name=\"description\" content=\"T\u00e9l\u00e9chargez le dossier de presse et le communiqu\u00e9 de presse Conseil Accueil Camping-Car pour en savoir plus sur notre prestation\" \/>\n<meta name=\"robots\" content=\"index, follow, max-snippet:-1, max-image-preview:large, max-video-preview:-1\" \/>\n<link rel=\"canonical\" href=\"https:\/\/conseil-accueil-camping-car.fr\/index.php\/medias\/\" \/>\n<meta property=\"og:locale\" content=\"fr_FR\" \/>\n<meta property=\"og:type\" content=\"article\" \/>\n<meta property=\"og:title\" content=\"M\u00e9dias - CACC\" \/>\n<meta property=\"og:description\" content=\"T\u00e9l\u00e9chargez le dossier de presse et le communiqu\u00e9 de presse Conseil Accueil Camping-Car pour en savoir plus sur notre prestation\" \/>\n<meta property=\"og:url\" content=\"https:\/\/conseil-accueil-camping-car.fr\/index.php\/medias\/\" \/>\n<meta property=\"og:site_name\" content=\"CACC\" \/>\n<meta property=\"article:modified_time\" content=\"2023-11-21T10:43:50+00:00\" \/>\n<meta property=\"og:image\" content=\"https:\/\/conseil-accueil-camping-car.fr\/wp-content\/uploads\/2023\/11\/plaquette-cacc-2023_1-215x300.jpg\" \/>\n<meta name=\"twitter:card\" content=\"summary_large_image\" \/>\n<meta name=\"twitter:label1\" content=\"\u00c9crit par\">\n\t<meta name=\"twitter:data1\" content=\"admin\">\n\t<meta name=\"twitter:label2\" content=\"Dur\u00e9e de lecture est.\">\n\t<meta name=\"twitter:data2\" content=\"0 minute\">\n<script type=\"application\/ld+json\" class=\"yoast-schema-graph\">{\"@context\":\"https:\/\/schema.org\",\"@graph\":[{\"@type\":\"WebSite\",\"@id\":\"https:\/\/conseil-accueil-camping-car.fr\/#website\",\"url\":\"https:\/\/conseil-accueil-camping-car.fr\/\",\"name\":\"CACC\",\"description\":\"Des experts \\u00e0 votre service\",\"potentialAction\":[{\"@type\":\"SearchAction\",\"target\":\"https:\/\/conseil-accueil-camping-car.fr\/?s={search_term_string}\",\"query-input\":\"required name=search_term_string\"}],\"inLanguage\":\"fr-FR\"},{\"@type\":\"ImageObject\",\"@id\":\"https:\/\/conseil-accueil-camping-car.fr\/index.php\/medias\/#primaryimage\",\"inLanguage\":\"fr-FR\",\"url\":\"https:\/\/conseil-accueil-camping-car.fr\/wp-content\/uploads\/2023\/11\/plaquette-cacc-2023_1-215x300.jpg\"},{\"@type\":\"WebPage\",\"@id\":\"https:\/\/conseil-accueil-camping-car.fr\/index.php\/medias\/#webpage\",\"url\":\"https:\/\/conseil-accueil-camping-car.fr\/index.php\/medias\/\",\"name\":\"M\\u00e9dias - CACC\",\"isPartOf\":{\"@id\":\"https:\/\/conseil-accueil-camping-car.fr\/#website\"},\"primaryImageOfPage\":{\"@id\":\"https:\/\/conseil-accueil-camping-car.fr\/index.php\/medias\/#primaryimage\"},\"datePublished\":\"2019-11-14T07:20:29+00:00\",\"dateModified\":\"2023-11-21T10:43:50+00:00\",\"description\":\"T\\u00e9l\\u00e9chargez le dossier de presse et le communiqu\\u00e9 de presse Conseil Accueil Camping-Car pour en savoir plus sur notre prestation\",\"breadcrumb\":{\"@id\":\"https:\/\/conseil-accueil-camping-car.fr\/index.php\/medias\/#breadcrumb\"},\"inLanguage\":\"fr-FR\",\"potentialAction\":[{\"@type\":\"ReadAction\",\"target\":[\"https:\/\/conseil-accueil-camping-car.fr\/index.php\/medias\/\"]}]},{\"@type\":\"BreadcrumbList\",\"@id\":\"https:\/\/conseil-accueil-camping-car.fr\/index.php\/medias\/#breadcrumb\",\"itemListElement\":[{\"@type\":\"ListItem\",\"position\":1,\"item\":{\"@type\":\"WebPage\",\"@id\":\"https:\/\/conseil-accueil-camping-car.fr\/\",\"url\":\"https:\/\/conseil-accueil-camping-car.fr\/\",\"name\":\"Accueil\"}},{\"@type\":\"ListItem\",\"position\":2,\"item\":{\"@type\":\"WebPage\",\"@id\":\"https:\/\/conseil-accueil-camping-car.fr\/index.php\/medias\/\",\"url\":\"https:\/\/conseil-accueil-camping-car.fr\/index.php\/medias\/\",\"name\":\"M\\u00e9dias\"}}]}]}<\/script>\n<!-- \/ Yoast SEO plugin. -->","_links":{"self":[{"href":"https:\/\/conseil-accueil-camping-car.fr\/index.php\/wp-json\/wp\/v2\/pages\/1212"}],"collection":[{"href":"https:\/\/conseil-accueil-camping-car.fr\/index.php\/wp-json\/wp\/v2\/pages"}],"about":[{"href":"https:\/\/conseil-accueil-camping-car.fr\/index.php\/wp-json\/wp\/v2\/types\/page"}],"author":[{"embeddable":true,"href":"https:\/\/conseil-accueil-camping-car.fr\/index.php\/wp-json\/wp\/v2\/users\/1"}],"replies":[{"embeddable":true,"href":"https:\/\/conseil-accueil-camping-car.fr\/index.php\/wp-json\/wp\/v2\/comments?post=1212"}],"version-history":[{"count":15,"href":"https:\/\/conseil-accueil-camping-car.fr\/index.php\/wp-json\/wp\/v2\/pages\/1212\/revisions"}],"predecessor-version":[{"id":1484,"href":"https:\/\/conseil-accueil-camping-car.fr\/index.php\/wp-json\/wp\/v2\/pages\/1212\/revisions\/1484"}],"wp:attachment":[{"href":"https:\/\/conseil-accueil-camping-car.fr\/index.php\/wp-json\/wp\/v2\/media?parent=1212"}],"curies":[{"name":"wp","href":"https:\/\/api.w.org\/{rel}","templated":true}]}}