{"id":118,"date":"2018-08-08T09:34:47","date_gmt":"2018-08-08T09:34:47","guid":{"rendered":"http:\/\/shmai.net\/legaleagle\/?page_id=118"},"modified":"2020-03-02T14:11:58","modified_gmt":"2020-03-02T14:11:58","slug":"contactez-nous","status":"publish","type":"page","link":"https:\/\/conseil-accueil-camping-car.fr\/index.php\/contactez-nous\/","title":{"rendered":"Contactez-nous"},"content":{"rendered":"<p>[vc_row][vc_column][vc_empty_space][vc_column_text]Un projet ? Contactez-nous pour trouver une solution \u00e0 votre\/vos besoin(s)[\/vc_column_text][\/vc_column][\/vc_row][vc_row][vc_column width=\u00a0\u00bb1\/3&Prime;][vc_custom_heading text=\u00a0\u00bbNos Bureaux\u00a0\u00bb font_container=\u00a0\u00bbtag:h2|text_align:center|color:%230b787d\u00a0\u00bb use_theme_fonts=\u00a0\u00bbyes\u00a0\u00bb][vc_empty_space][vc_gmaps link=\u00a0\u00bb#E-8_JTNDaWZyYW1lJTIwc3JjJTNEJTIyaHR0cHMlM0ElMkYlMkZ3d3cuZ29vZ2xlLmNvbSUyRm1hcHMlMkZlbWJlZCUzRnBiJTNEJTIxMW0xOCUyMTFtMTIlMjExbTMlMjExZDI2MjUuMDE2NTI4NTEyNjUwNCUyMTJkMi4zNDg2MTc5MTU4NjkzMzIzJTIxM2Q0OC44NTc4OTUyMDg2OTUzMyUyMTJtMyUyMTFmMCUyMTJmMCUyMTNmMCUyMTNtMiUyMTFpMTAyNCUyMTJpNzY4JTIxNGYxMy4xJTIxM20zJTIxMW0yJTIxMXMweDQ3ZTY2ZTFkZGFlM2FlNzElMjUzQTB4ODFiNGVmYjdlM2FjNWQxOCUyMTJzNzglMjUyMFJ1ZSUyNTIwZGUlMjUyMFJpdm9saSUyNTJDJTI1MjA3NTAwNCUyNTIwUGFyaXMlMjE1ZTAlMjEzbTIlMjExc2ZyJTIxMnNmciUyMTR2MTU3MzQ4MjI0MTQ4MiUyMTVtMiUyMTFzZnIlMjEyc2ZyJTIyJTIwd2lkdGglM0QlMjI0MDAlMjIlMjBoZWlnaHQlM0QlMjIzMDAlMjIlMjBmcmFtZWJvcmRlciUzRCUyMjAlMjIlMjBzdHlsZSUzRCUyMmJvcmRlciUzQTAlM0IlMjIlMjBhbGxvd2Z1bGxzY3JlZW4lM0QlMjIlMjIlM0UlM0MlMkZpZnJhbWUlM0U=\u00a0\u00bb][vc_column_text]<\/p>\n<p style=\"padding-left: 40px;\">78 rue de Rivoli &#8211; 75004 PARIS<\/p>\n<p style=\"padding-left: 40px;\"><strong>Horaires d&rsquo;ouverture : <\/strong><\/p>\n<p style=\"padding-left: 40px;\">9h &#8211; 12h30 et 13h30 &#8211; 17h30<\/p>\n<p style=\"padding-left: 40px;\">(fermeture \u00e0 17h le vendredi)<\/p>\n<p style=\"padding-left: 40px;\"><strong>T\u00e9l\u00e9phone :<\/strong><\/p>\n<p style=\"padding-left: 40px;\">01.42.72.87.20<\/p>\n<p>[\/vc_column_text][\/vc_column][vc_column width=\u00a0\u00bb2\/3&Prime;][vc_custom_heading text=\u00a0\u00bbEnvoyer un message\u00a0\u00bb font_container=\u00a0\u00bbtag:h2|text_align:center|color:%230b787d\u00a0\u00bb use_theme_fonts=\u00a0\u00bbyes\u00a0\u00bb][vc_empty_space][vc_raw_html css=\u00a0\u00bb.vc_custom_1573483284195{border-left-width: 5px !important;}\u00a0\u00bb]JTVCY29udGFjdC1mb3JtLTclMjBpZCUzRCUyMjY4MSUyMiUyMHRpdGxlJTNEJTIyQ29udGFjdCUyMENBQ0MlMjBvayUyMiU1RA==[\/vc_raw_html][\/vc_column][\/vc_row]<\/p>\n","protected":false},"excerpt":{"rendered":"<p>[vc_row][vc_column][vc_empty_space][vc_column_text]Un projet ? Contactez-nous pour trouver une solution \u00e0 votre\/vos besoin(s)[\/vc_column_text][\/vc_column][\/vc_row][vc_row][vc_column width=\u00a0\u00bb1\/3&Prime;][vc_custom_heading text=\u00a0\u00bbNos Bureaux\u00a0\u00bb font_container=\u00a0\u00bbtag:h2|text_align:center|color:%230b787d\u00a0\u00bb use_theme_fonts=\u00a0\u00bbyes\u00a0\u00bb][vc_empty_space][vc_gmaps link=\u00a0\u00bb#E-8_JTNDaWZyYW1lJTIwc3JjJTNEJTIyaHR0cHMlM0ElMkYlMkZ3d3cuZ29vZ2xlLmNvbSUyRm1hcHMlMkZlbWJlZCUzRnBiJTNEJTIxMW0xOCUyMTFtMTIlMjExbTMlMjExZDI2MjUuMDE2NTI4NTEyNjUwNCUyMTJkMi4zNDg2MTc5MTU4NjkzMzIzJTIxM2Q0OC44NTc4OTUyMDg2OTUzMyUyMTJtMyUyMTFmMCUyMTJmMCUyMTNmMCUyMTNtMiUyMTFpMTAyNCUyMTJpNzY4JTIxNGYxMy4xJTIxM20zJTIxMW0yJTIxMXMweDQ3ZTY2ZTFkZGFlM2FlNzElMjUzQTB4ODFiNGVmYjdlM2FjNWQxOCUyMTJzNzglMjUyMFJ1ZSUyNTIwZGUlMjUyMFJpdm9saSUyNTJDJTI1MjA3NTAwNCUyNTIwUGFyaXMlMjE1ZTAlMjEzbTIlMjExc2ZyJTIxMnNmciUyMTR2MTU3MzQ4MjI0MTQ4MiUyMTVtMiUyMTFzZnIlMjEyc2ZyJTIyJTIwd2lkdGglM0QlMjI0MDAlMjIlMjBoZWlnaHQlM0QlMjIzMDAlMjIlMjBmcmFtZWJvcmRlciUzRCUyMjAlMjIlMjBzdHlsZSUzRCUyMmJvcmRlciUzQTAlM0IlMjIlMjBhbGxvd2Z1bGxzY3JlZW4lM0QlMjIlMjIlM0UlM0MlMkZpZnJhbWUlM0U=\u00a0\u00bb][vc_column_text] 78 rue de Rivoli &#8211; 75004 PARIS Horaires d&rsquo;ouverture : 9h &#8211; 12h30 [&hellip;]<\/p>\n","protected":false},"author":1,"featured_media":0,"parent":0,"menu_order":0,"comment_status":"closed","ping_status":"closed","template":"","meta":{"advgb_blocks_editor_width":"","advgb_blocks_columns_visual_guide":""},"coauthors":[],"author_meta":{"author_link":"https:\/\/conseil-accueil-camping-car.fr\/index.php\/author\/carine\/","display_name":"admin"},"relative_dates":{"created":"Publi\u00e9 8 ans il y a","modified":"Mis \u00e0 jour 6 ans il y a"},"absolute_dates":{"created":"Publi\u00e9 le ao\u00fbt 8, 2018","modified":"Mise \u00e0 jour le mars 2, 2020"},"absolute_dates_time":{"created":"Publi\u00e9 le ao\u00fbt 8, 2018 9:34  ","modified":"Mise \u00e0 jour le mars 2, 2020 2:11  "},"featured_img_caption":"","featured_img":false,"featured_image_src":null,"featured_image_src_square":null,"uagb_featured_image_src":{"full":false,"thumbnail":false,"medium":false,"medium_large":false,"large":false,"1536x1536":false,"2048x2048":false,"ab-block-post-grid-landscape":false,"ab-block-post-grid-square":false,"qb-block-post-grid-landscape":false,"qb-block-post-grid-square":false,"legaleagle-post-standard":false,"legaleagle-post-grid":false,"legaleagle-post-list":false,"legaleagle-post-widget":false,"legaleagle-team-single":false,"legaleagle-team":false,"legaleagle-team2":false,"legaleagle-service":false},"uagb_author_info":{"display_name":"admin","author_link":"https:\/\/conseil-accueil-camping-car.fr\/index.php\/author\/carine\/"},"uagb_comment_info":0,"uagb_excerpt":"[vc_row][vc_column][vc_empty_space][vc_column_text]Un projet ? Contactez-nous pour trouver une solution \u00e0 votre\/vos besoin(s)[\/vc_column_text][\/vc_column][\/vc_row][vc_row][vc_column width=\u00a0\u00bb1\/3&Prime;][vc_custom_heading text=\u00a0\u00bbNos Bureaux\u00a0\u00bb font_container=\u00a0\u00bbtag:h2|text_align:center|color:%230b787d\u00a0\u00bb use_theme_fonts=\u00a0\u00bbyes\u00a0\u00bb][vc_empty_space][vc_gmaps link=\u00a0\u00bb#E-8_JTNDaWZyYW1lJTIwc3JjJTNEJTIyaHR0cHMlM0ElMkYlMkZ3d3cuZ29vZ2xlLmNvbSUyRm1hcHMlMkZlbWJlZCUzRnBiJTNEJTIxMW0xOCUyMTFtMTIlMjExbTMlMjExZDI2MjUuMDE2NTI4NTEyNjUwNCUyMTJkMi4zNDg2MTc5MTU4NjkzMzIzJTIxM2Q0OC44NTc4OTUyMDg2OTUzMyUyMTJtMyUyMTFmMCUyMTJmMCUyMTNmMCUyMTNtMiUyMTFpMTAyNCUyMTJpNzY4JTIxNGYxMy4xJTIxM20zJTIxMW0yJTIxMXMweDQ3ZTY2ZTFkZGFlM2FlNzElMjUzQTB4ODFiNGVmYjdlM2FjNWQxOCUyMTJzNzglMjUyMFJ1ZSUyNTIwZGUlMjUyMFJpdm9saSUyNTJDJTI1MjA3NTAwNCUyNTIwUGFyaXMlMjE1ZTAlMjEzbTIlMjExc2ZyJTIxMnNmciUyMTR2MTU3MzQ4MjI0MTQ4MiUyMTVtMiUyMTFzZnIlMjEyc2ZyJTIyJTIwd2lkdGglM0QlMjI0MDAlMjIlMjBoZWlnaHQlM0QlMjIzMDAlMjIlMjBmcmFtZWJvcmRlciUzRCUyMjAlMjIlMjBzdHlsZSUzRCUyMmJvcmRlciUzQTAlM0IlMjIlMjBhbGxvd2Z1bGxzY3JlZW4lM0QlMjIlMjIlM0UlM0MlMkZpZnJhbWUlM0U=\u00a0\u00bb][vc_column_text] 78 rue de Rivoli &#8211; 75004 PARIS Horaires d&rsquo;ouverture : 9h &#8211; 12h30 [&hellip;]","yoast_head":"<!-- This site is optimized with the Yoast SEO plugin v15.2.1 - https:\/\/yoast.com\/wordpress\/plugins\/seo\/ -->\n<title>Contactez-nous - Conseil-Accueil-Camping-car CACC<\/title>\n<meta name=\"description\" content=\"Pour obtenir des informations sur votre projet, remplissez le formulaire \u00e0 votre disposition dans la rubrique contactez-nous du site.\" \/>\n<meta name=\"robots\" content=\"index, follow, max-snippet:-1, max-image-preview:large, max-video-preview:-1\" \/>\n<link rel=\"canonical\" href=\"https:\/\/conseil-accueil-camping-car.fr\/index.php\/contactez-nous\/\" \/>\n<meta property=\"og:locale\" content=\"fr_FR\" \/>\n<meta property=\"og:type\" content=\"article\" \/>\n<meta property=\"og:title\" content=\"Contactez-nous - Conseil-Accueil-Camping-car CACC\" \/>\n<meta property=\"og:description\" content=\"Pour obtenir des informations sur votre projet, remplissez le formulaire \u00e0 votre disposition dans la rubrique contactez-nous du site.\" \/>\n<meta property=\"og:url\" content=\"https:\/\/conseil-accueil-camping-car.fr\/index.php\/contactez-nous\/\" \/>\n<meta property=\"og:site_name\" content=\"CACC\" \/>\n<meta property=\"article:modified_time\" content=\"2020-03-02T14:11:58+00:00\" \/>\n<meta name=\"twitter:card\" content=\"summary_large_image\" \/>\n<meta name=\"twitter:label1\" content=\"\u00c9crit par\">\n\t<meta name=\"twitter:data1\" content=\"admin\">\n\t<meta name=\"twitter:label2\" content=\"Dur\u00e9e de lecture est.\">\n\t<meta name=\"twitter:data2\" content=\"1 minute\">\n<script type=\"application\/ld+json\" class=\"yoast-schema-graph\">{\"@context\":\"https:\/\/schema.org\",\"@graph\":[{\"@type\":\"WebSite\",\"@id\":\"https:\/\/conseil-accueil-camping-car.fr\/#website\",\"url\":\"https:\/\/conseil-accueil-camping-car.fr\/\",\"name\":\"CACC\",\"description\":\"Des experts \\u00e0 votre service\",\"potentialAction\":[{\"@type\":\"SearchAction\",\"target\":\"https:\/\/conseil-accueil-camping-car.fr\/?s={search_term_string}\",\"query-input\":\"required name=search_term_string\"}],\"inLanguage\":\"fr-FR\"},{\"@type\":\"WebPage\",\"@id\":\"https:\/\/conseil-accueil-camping-car.fr\/index.php\/contactez-nous\/#webpage\",\"url\":\"https:\/\/conseil-accueil-camping-car.fr\/index.php\/contactez-nous\/\",\"name\":\"Contactez-nous - Conseil-Accueil-Camping-car CACC\",\"isPartOf\":{\"@id\":\"https:\/\/conseil-accueil-camping-car.fr\/#website\"},\"datePublished\":\"2018-08-08T09:34:47+00:00\",\"dateModified\":\"2020-03-02T14:11:58+00:00\",\"description\":\"Pour obtenir des informations sur votre projet, remplissez le formulaire \\u00e0 votre disposition dans la rubrique contactez-nous du site.\",\"breadcrumb\":{\"@id\":\"https:\/\/conseil-accueil-camping-car.fr\/index.php\/contactez-nous\/#breadcrumb\"},\"inLanguage\":\"fr-FR\",\"potentialAction\":[{\"@type\":\"ReadAction\",\"target\":[\"https:\/\/conseil-accueil-camping-car.fr\/index.php\/contactez-nous\/\"]}]},{\"@type\":\"BreadcrumbList\",\"@id\":\"https:\/\/conseil-accueil-camping-car.fr\/index.php\/contactez-nous\/#breadcrumb\",\"itemListElement\":[{\"@type\":\"ListItem\",\"position\":1,\"item\":{\"@type\":\"WebPage\",\"@id\":\"https:\/\/conseil-accueil-camping-car.fr\/\",\"url\":\"https:\/\/conseil-accueil-camping-car.fr\/\",\"name\":\"Accueil\"}},{\"@type\":\"ListItem\",\"position\":2,\"item\":{\"@type\":\"WebPage\",\"@id\":\"https:\/\/conseil-accueil-camping-car.fr\/index.php\/contactez-nous\/\",\"url\":\"https:\/\/conseil-accueil-camping-car.fr\/index.php\/contactez-nous\/\",\"name\":\"Contactez-nous\"}}]}]}<\/script>\n<!-- \/ Yoast SEO plugin. -->","_links":{"self":[{"href":"https:\/\/conseil-accueil-camping-car.fr\/index.php\/wp-json\/wp\/v2\/pages\/118"}],"collection":[{"href":"https:\/\/conseil-accueil-camping-car.fr\/index.php\/wp-json\/wp\/v2\/pages"}],"about":[{"href":"https:\/\/conseil-accueil-camping-car.fr\/index.php\/wp-json\/wp\/v2\/types\/page"}],"author":[{"embeddable":true,"href":"https:\/\/conseil-accueil-camping-car.fr\/index.php\/wp-json\/wp\/v2\/users\/1"}],"replies":[{"embeddable":true,"href":"https:\/\/conseil-accueil-camping-car.fr\/index.php\/wp-json\/wp\/v2\/comments?post=118"}],"version-history":[{"count":23,"href":"https:\/\/conseil-accueil-camping-car.fr\/index.php\/wp-json\/wp\/v2\/pages\/118\/revisions"}],"predecessor-version":[{"id":1298,"href":"https:\/\/conseil-accueil-camping-car.fr\/index.php\/wp-json\/wp\/v2\/pages\/118\/revisions\/1298"}],"wp:attachment":[{"href":"https:\/\/conseil-accueil-camping-car.fr\/index.php\/wp-json\/wp\/v2\/media?parent=118"}],"curies":[{"name":"wp","href":"https:\/\/api.w.org\/{rel}","templated":true}]}}