{"id":1091,"date":"2019-11-13T09:31:13","date_gmt":"2019-11-13T09:31:13","guid":{"rendered":"https:\/\/conseil-accueil-camping-car.fr\/?page_id=1091"},"modified":"2023-11-20T13:38:21","modified_gmt":"2023-11-20T13:38:21","slug":"points-forts-et-ameliorations-a-apporter","status":"publish","type":"page","link":"https:\/\/conseil-accueil-camping-car.fr\/index.php\/notre-offre\/points-forts-et-ameliorations-a-apporter\/","title":{"rendered":"D\u00e9finir les points forts et les am\u00e9liorations \u00e0 apporter \u00e0 votre territoire"},"content":{"rendered":"\n<div class=\"wp-block-advgb-infobox advgb-infobox-wrapper has-text-align-center advgb-infobox-567bb909-1b9a-41d9-8d53-ed79634a0ac4\"><div class=\"advgb-infobox-wrap\"><div class=\"advgb-infobox-icon-container\"><div class=\"advgb-infobox-icon-inner-container\"><i class=\"material-icons\">filter_3<\/i><\/div><\/div><div class=\"advgb-infobox-textcontent\"><h2 class=\"advgb-infobox-title\"> Avec un diagnostic technique et op\u00e9rationnel de l&rsquo;accueil des camping-caristes<\/h2><p class=\"advgb-infobox-text\"><\/p><\/div><\/div><\/div>\n\n\n\n<div class=\"wp-block-atomic-blocks-ab-columns ab-layout-service-4 ab-layout-columns-2 ab-2-col-equal ab-columns-center alignfull\" style=\"padding-top:15%;padding-right:5%;padding-bottom:15%;padding-left:5%\"><div class=\"ab-layout-column-wrap ab-block-layout-column-gap-6 ab-is-responsive-column\" style=\"max-width:1200px\">\n<div class=\"wp-block-atomic-blocks-ab-column ab-block-layout-column\"><div class=\"ab-block-layout-column-inner\">\n<h3>Objectifs<\/h3>\n\n\n\n<p>Quels sont les points forts et les points faibles ?<\/p>\n\n\n\n<p>Quelles sont les facilit\u00e9s et difficult\u00e9s de circulation ?<\/p>\n\n\n\n<p>Quelles sont&nbsp; les retomb\u00e9es \u00e9conomiques ?<\/p>\n\n\n\n<p>Quelles sont les \u00ab\u00a0performances\u00a0\u00bb d\u2019accueil\u00a0 + de l\u2019aire si existante<\/p>\n\n\n\n<div style=\"color:#ddd\" class=\"wp-block-atomic-blocks-ab-spacer ab-block-spacer ab-divider-solid ab-spacer-divider ab-divider-size-1\"><hr style=\"height:30px\"\/><\/div>\n\n\n\n<h3>Comment ?<\/h3>\n\n\n\n<p>Croisement des donn\u00e9es r\u00e9colt\u00e9es par les questionnaires FFCC et celles disponibles sur votre territoire.<\/p>\n\n\n\n<p>Diagnostic technique et op\u00e9rationnel du territoire en mati\u00e8re d\u2019accueil (sur le terrain)<\/p>\n\n\n\n<p>Diagnostic technique, op\u00e9rationnel&nbsp; et \u00e9conomique de l\u2019aire si existante<\/p>\n\n\n\n<div style=\"color:#ddd\" class=\"wp-block-atomic-blocks-ab-spacer ab-block-spacer ab-divider-solid ab-spacer-divider ab-divider-size-1\"><hr style=\"height:30px\"\/><\/div>\n\n\n\n<h3>R\u00e9sultats<\/h3>\n\n\n\n<p>Rapport technique et op\u00e9rationnel de l\u2019accueil<\/p>\n\n\n\n<p>Rapport de pr\u00e9conisations d\u2019am\u00e9lioration<\/p>\n<\/div><\/div>\n\n\n\n<div class=\"wp-block-atomic-blocks-ab-column ab-block-layout-column\"><div class=\"ab-block-layout-column-inner\">\n<figure class=\"wp-block-image size-large\"><a href=\"https:\/\/conseil-accueil-camping-car.fr\/index.php\/contactez-nous\/\"><img loading=\"lazy\" width=\"457\" height=\"686\" src=\"https:\/\/conseil-accueil-camping-car.fr\/wp-content\/uploads\/2019\/11\/module-3-tarif.jpg\" alt=\"\" class=\"wp-image-1254\" srcset=\"https:\/\/conseil-accueil-camping-car.fr\/wp-content\/uploads\/2019\/11\/module-3-tarif.jpg 457w, https:\/\/conseil-accueil-camping-car.fr\/wp-content\/uploads\/2019\/11\/module-3-tarif-200x300.jpg 200w\" sizes=\"(max-width: 457px) 100vw, 457px\" \/><\/a><\/figure>\n<\/div><\/div>\n<\/div><\/div>\n\n\n\n<p class=\"has-text-align-center has-white-color has-text-color has-background has-medium-font-size\" style=\"background-color:#f7a100\">Tarifs selon la taille de vos village et ville, communaut\u00e9 d\u2019agglom\u00e9ration, pays touristique, d\u00e9partement ou r\u00e9gion, \u00e9tablis en fonction du nombre de jours de travail, <strong>\u00e0 partir de 2 550 \u20ac<\/strong>.<\/p>\n\n\n\n<div style=\"text-align:center\" class=\"wp-block-atomic-blocks-ab-cta ab-block-cta\"><div class=\"ab-cta-content\"><h2 class=\"ab-cta-title ab-font-size-32\" style=\"color:#32373c\">Pour recevoir une offre personnalis\u00e9e<\/h2><div class=\"ab-cta-text ab-font-size-32\" style=\"color:#32373c\"><\/div><\/div><div class=\"ab-cta-button\"><a href=\"https:\/\/conseil-accueil-camping-car.fr\/index.php\/contact\/\" target=\"_self\" rel=\"noopener noreferrer\" class=\"ab-button ab-button-shape-rounded ab-button-size-medium\" style=\"color:#ffffff;background-color:#0b787d\">Contactez-nous<\/a><\/div><\/div>\n\n\n\n<div class=\"wp-block-image\"><figure class=\"aligncenter\"><img loading=\"lazy\" width=\"360\" height=\"270\" src=\"https:\/\/conseil-accueil-camping-car.fr\/wp-content\/uploads\/2019\/11\/module-trombone-360x270-360x270.jpg\" alt=\"\" class=\"wp-image-963\" srcset=\"https:\/\/conseil-accueil-camping-car.fr\/wp-content\/uploads\/2019\/11\/module-trombone-360x270.jpg 360w, https:\/\/conseil-accueil-camping-car.fr\/wp-content\/uploads\/2019\/11\/module-trombone-360x270-300x225.jpg 300w\" sizes=\"(max-width: 360px) 100vw, 360px\" \/><\/figure><\/div>\n<style class=\"advgb-styles-renderer\">#advgb-infobox-567bb909-1b9a-41d9-8d53-ed79634a0ac4, .advgb-infobox-567bb909-1b9a-41d9-8d53-ed79634a0ac4 {background-color: #f5f5f5;padding: 20px 20px 20px 20px;border: 0px solid #e8e8e8 ;border-radius: 0px;}#advgb-infobox-567bb909-1b9a-41d9-8d53-ed79634a0ac4 .advgb-infobox-icon-container, .advgb-infobox-567bb909-1b9a-41d9-8d53-ed79634a0ac4 .advgb-infobox-icon-container {background-color: #f5f5f5;padding: 0;margin: 0;border: 0px solid #e8e8e8 ;border-radius: 0px;}#advgb-infobox-567bb909-1b9a-41d9-8d53-ed79634a0ac4 .advgb-infobox-icon-container i, .advgb-infobox-567bb909-1b9a-41d9-8d53-ed79634a0ac4 .advgb-infobox-icon-container i {color: #006a66;font-size: 70px;display: block;}#advgb-infobox-567bb909-1b9a-41d9-8d53-ed79634a0ac4 .advgb-infobox-textcontent .advgb-infobox-title, .advgb-infobox-567bb909-1b9a-41d9-8d53-ed79634a0ac4 .advgb-infobox-textcontent .advgb-infobox-title {color: #006a66;padding: 0;margin: 5px 0 10px 0;font-size: 31px;white-space: pre-wrap;}#advgb-infobox-567bb909-1b9a-41d9-8d53-ed79634a0ac4 .advgb-infobox-textcontent .advgb-infobox-text, .advgb-infobox-567bb909-1b9a-41d9-8d53-ed79634a0ac4 .advgb-infobox-textcontent .advgb-infobox-text {color: #333;padding: 0;margin: 0;white-space: pre-wrap;}<\/style>","protected":false},"excerpt":{"rendered":"<p>Tarifs selon la taille de vos village et ville, communaut\u00e9 d\u2019agglom\u00e9ration, pays touristique, d\u00e9partement ou r\u00e9gion, \u00e9tablis en fonction du nombre de jours de travail, \u00e0 partir de 2 550 [&hellip;]<\/p>\n","protected":false},"author":1,"featured_media":0,"parent":871,"menu_order":0,"comment_status":"closed","ping_status":"closed","template":"","meta":{"advgb_blocks_editor_width":"","advgb_blocks_columns_visual_guide":""},"coauthors":[],"author_meta":{"author_link":"https:\/\/conseil-accueil-camping-car.fr\/index.php\/author\/carine\/","display_name":"admin"},"relative_dates":{"created":"Publi\u00e9 6 ans il y a","modified":"Mis \u00e0 jour 2 ans il y a"},"absolute_dates":{"created":"Publi\u00e9 le novembre 13, 2019","modified":"Mise \u00e0 jour le novembre 20, 2023"},"absolute_dates_time":{"created":"Publi\u00e9 le novembre 13, 2019 9:31  ","modified":"Mise \u00e0 jour le novembre 20, 2023 1:38  "},"featured_img_caption":"","featured_img":false,"featured_image_src":null,"featured_image_src_square":null,"uagb_featured_image_src":{"full":false,"thumbnail":false,"medium":false,"medium_large":false,"large":false,"1536x1536":false,"2048x2048":false,"ab-block-post-grid-landscape":false,"ab-block-post-grid-square":false,"qb-block-post-grid-landscape":false,"qb-block-post-grid-square":false,"legaleagle-post-standard":false,"legaleagle-post-grid":false,"legaleagle-post-list":false,"legaleagle-post-widget":false,"legaleagle-team-single":false,"legaleagle-team":false,"legaleagle-team2":false,"legaleagle-service":false},"uagb_author_info":{"display_name":"admin","author_link":"https:\/\/conseil-accueil-camping-car.fr\/index.php\/author\/carine\/"},"uagb_comment_info":0,"uagb_excerpt":"Tarifs selon la taille de vos village et ville, communaut\u00e9 d\u2019agglom\u00e9ration, pays touristique, d\u00e9partement ou r\u00e9gion, \u00e9tablis en fonction du nombre de jours de travail, \u00e0 partir de 2 550 [&hellip;]","yoast_head":"<!-- This site is optimized with the Yoast SEO plugin v15.2.1 - https:\/\/yoast.com\/wordpress\/plugins\/seo\/ -->\n<title>D\u00e9finir les points forts et les am\u00e9liorations \u00e0 apporter \u00e0 votre territoire - CACC<\/title>\n<meta name=\"description\" content=\"Vous avez une aire et vous voulez savoir si elle est rentable, comment optimiser son rendement, comment la rendre plus attractive.\" \/>\n<meta name=\"robots\" content=\"index, follow, max-snippet:-1, max-image-preview:large, max-video-preview:-1\" \/>\n<link rel=\"canonical\" href=\"https:\/\/conseil-accueil-camping-car.fr\/index.php\/notre-offre\/points-forts-et-ameliorations-a-apporter\/\" \/>\n<meta property=\"og:locale\" content=\"fr_FR\" \/>\n<meta property=\"og:type\" content=\"article\" \/>\n<meta property=\"og:title\" content=\"D\u00e9finir les points forts et les am\u00e9liorations \u00e0 apporter \u00e0 votre territoire - CACC\" \/>\n<meta property=\"og:description\" content=\"Vous avez une aire et vous voulez savoir si elle est rentable, comment optimiser son rendement, comment la rendre plus attractive.\" \/>\n<meta property=\"og:url\" content=\"https:\/\/conseil-accueil-camping-car.fr\/index.php\/notre-offre\/points-forts-et-ameliorations-a-apporter\/\" \/>\n<meta property=\"og:site_name\" content=\"CACC\" \/>\n<meta property=\"article:modified_time\" content=\"2023-11-20T13:38:21+00:00\" \/>\n<meta property=\"og:image\" content=\"https:\/\/conseil-accueil-camping-car.fr\/wp-content\/uploads\/2019\/11\/module-3-tarif.jpg\" \/>\n<meta name=\"twitter:card\" content=\"summary_large_image\" \/>\n<meta name=\"twitter:label1\" content=\"\u00c9crit par\">\n\t<meta name=\"twitter:data1\" content=\"admin\">\n\t<meta name=\"twitter:label2\" content=\"Dur\u00e9e de lecture est.\">\n\t<meta name=\"twitter:data2\" content=\"1 minute\">\n<script type=\"application\/ld+json\" class=\"yoast-schema-graph\">{\"@context\":\"https:\/\/schema.org\",\"@graph\":[{\"@type\":\"WebSite\",\"@id\":\"https:\/\/conseil-accueil-camping-car.fr\/#website\",\"url\":\"https:\/\/conseil-accueil-camping-car.fr\/\",\"name\":\"CACC\",\"description\":\"Des experts \\u00e0 votre service\",\"potentialAction\":[{\"@type\":\"SearchAction\",\"target\":\"https:\/\/conseil-accueil-camping-car.fr\/?s={search_term_string}\",\"query-input\":\"required name=search_term_string\"}],\"inLanguage\":\"fr-FR\"},{\"@type\":\"ImageObject\",\"@id\":\"https:\/\/conseil-accueil-camping-car.fr\/index.php\/notre-offre\/points-forts-et-ameliorations-a-apporter\/#primaryimage\",\"inLanguage\":\"fr-FR\",\"url\":\"https:\/\/conseil-accueil-camping-car.fr\/wp-content\/uploads\/2019\/11\/module-3-tarif.jpg\",\"width\":457,\"height\":686},{\"@type\":\"WebPage\",\"@id\":\"https:\/\/conseil-accueil-camping-car.fr\/index.php\/notre-offre\/points-forts-et-ameliorations-a-apporter\/#webpage\",\"url\":\"https:\/\/conseil-accueil-camping-car.fr\/index.php\/notre-offre\/points-forts-et-ameliorations-a-apporter\/\",\"name\":\"D\\u00e9finir les points forts et les am\\u00e9liorations \\u00e0 apporter \\u00e0 votre territoire - CACC\",\"isPartOf\":{\"@id\":\"https:\/\/conseil-accueil-camping-car.fr\/#website\"},\"primaryImageOfPage\":{\"@id\":\"https:\/\/conseil-accueil-camping-car.fr\/index.php\/notre-offre\/points-forts-et-ameliorations-a-apporter\/#primaryimage\"},\"datePublished\":\"2019-11-13T09:31:13+00:00\",\"dateModified\":\"2023-11-20T13:38:21+00:00\",\"description\":\"Vous avez une aire et vous voulez savoir si elle est rentable, comment optimiser son rendement, comment la rendre plus attractive.\",\"breadcrumb\":{\"@id\":\"https:\/\/conseil-accueil-camping-car.fr\/index.php\/notre-offre\/points-forts-et-ameliorations-a-apporter\/#breadcrumb\"},\"inLanguage\":\"fr-FR\",\"potentialAction\":[{\"@type\":\"ReadAction\",\"target\":[\"https:\/\/conseil-accueil-camping-car.fr\/index.php\/notre-offre\/points-forts-et-ameliorations-a-apporter\/\"]}]},{\"@type\":\"BreadcrumbList\",\"@id\":\"https:\/\/conseil-accueil-camping-car.fr\/index.php\/notre-offre\/points-forts-et-ameliorations-a-apporter\/#breadcrumb\",\"itemListElement\":[{\"@type\":\"ListItem\",\"position\":1,\"item\":{\"@type\":\"WebPage\",\"@id\":\"https:\/\/conseil-accueil-camping-car.fr\/\",\"url\":\"https:\/\/conseil-accueil-camping-car.fr\/\",\"name\":\"Accueil\"}},{\"@type\":\"ListItem\",\"position\":2,\"item\":{\"@type\":\"WebPage\",\"@id\":\"https:\/\/conseil-accueil-camping-car.fr\/index.php\/notre-offre\/\",\"url\":\"https:\/\/conseil-accueil-camping-car.fr\/index.php\/notre-offre\/\",\"name\":\"Notre offre : une solution modulable et sur-mesure\"}},{\"@type\":\"ListItem\",\"position\":3,\"item\":{\"@type\":\"WebPage\",\"@id\":\"https:\/\/conseil-accueil-camping-car.fr\/index.php\/notre-offre\/points-forts-et-ameliorations-a-apporter\/\",\"url\":\"https:\/\/conseil-accueil-camping-car.fr\/index.php\/notre-offre\/points-forts-et-ameliorations-a-apporter\/\",\"name\":\"D\\u00e9finir les points forts et les am\\u00e9liorations \\u00e0 apporter \\u00e0 votre territoire\"}}]}]}<\/script>\n<!-- \/ Yoast SEO plugin. -->","_links":{"self":[{"href":"https:\/\/conseil-accueil-camping-car.fr\/index.php\/wp-json\/wp\/v2\/pages\/1091"}],"collection":[{"href":"https:\/\/conseil-accueil-camping-car.fr\/index.php\/wp-json\/wp\/v2\/pages"}],"about":[{"href":"https:\/\/conseil-accueil-camping-car.fr\/index.php\/wp-json\/wp\/v2\/types\/page"}],"author":[{"embeddable":true,"href":"https:\/\/conseil-accueil-camping-car.fr\/index.php\/wp-json\/wp\/v2\/users\/1"}],"replies":[{"embeddable":true,"href":"https:\/\/conseil-accueil-camping-car.fr\/index.php\/wp-json\/wp\/v2\/comments?post=1091"}],"version-history":[{"count":15,"href":"https:\/\/conseil-accueil-camping-car.fr\/index.php\/wp-json\/wp\/v2\/pages\/1091\/revisions"}],"predecessor-version":[{"id":1454,"href":"https:\/\/conseil-accueil-camping-car.fr\/index.php\/wp-json\/wp\/v2\/pages\/1091\/revisions\/1454"}],"up":[{"embeddable":true,"href":"https:\/\/conseil-accueil-camping-car.fr\/index.php\/wp-json\/wp\/v2\/pages\/871"}],"wp:attachment":[{"href":"https:\/\/conseil-accueil-camping-car.fr\/index.php\/wp-json\/wp\/v2\/media?parent=1091"}],"curies":[{"name":"wp","href":"https:\/\/api.w.org\/{rel}","templated":true}]}}